{"id":325,"date":"2023-03-27T13:17:20","date_gmt":"2023-03-27T11:17:20","guid":{"rendered":"https:\/\/vibrationsdevie.com\/?page_id=325"},"modified":"2024-07-24T22:17:42","modified_gmt":"2024-07-24T20:17:42","slug":"notre-accompagnement","status":"publish","type":"page","link":"https:\/\/heloisedenicourt.com\/index.php\/notre-accompagnement\/","title":{"rendered":"Qui suis-je"},"content":{"rendered":"\n<figure class=\"wp-block-image size-full is-resized is-style-rounded\"><img loading=\"lazy\" decoding=\"async\" width=\"640\" height=\"626\" src=\"https:\/\/heloisedenicourt.com\/wp-content\/uploads\/2024\/02\/image0.jpeg\" alt=\"\" class=\"wp-image-797\" style=\"width:333px;height:auto\" srcset=\"https:\/\/heloisedenicourt.com\/wp-content\/uploads\/2024\/02\/image0.jpeg 640w, https:\/\/heloisedenicourt.com\/wp-content\/uploads\/2024\/02\/image0-300x293.jpeg 300w, https:\/\/heloisedenicourt.com\/wp-content\/uploads\/2024\/02\/image0-61x60.jpeg 61w\" sizes=\"auto, (max-width: 640px) 100vw, 640px\" \/><\/figure>\n\n\n\n<p><strong>Mon parcours personnel :<\/strong><\/p>\n\n\n\n<p>Ma qu\u00eate de sens a \u00e9t\u00e9 le point de d\u00e9part de mon cheminement. <\/p>\n\n\n\n<p>Les \u00e9preuves de vie et une perte progressive de sens m&rsquo;ont conduite \u00e0 une r\u00e9flexion profonde sur la responsabilit\u00e9 personnelle et le pouvoir de notre \u00e9nergie vibratoire. <\/p>\n\n\n\n<p>Un travail introspectif m&rsquo;a permis de remettre en question certaines de mes croyances, de lever des voiles sur mon histoire, et de faire des choix plus conscients. Ce processus m&rsquo;a conduit \u00e0 des changements significatifs dans ma vie, avec une transition g\u00e9ographique, un nouveau rythme de travail, et une vision renouvel\u00e9e du monde et de moi-m\u00eame et de l&rsquo;accompagnement th\u00e9rapeutique. <\/p>\n\n\n\n<p><strong>Mon parcours professionnel :<\/strong><\/p>\n\n\n\n<p>Mon parcours professionnel s&rsquo;est articul\u00e9 autour de la psychologie, avec une quinzaine d&rsquo;ann\u00e9es d&rsquo;exp\u00e9rience dans le domaine de la protection de l&rsquo;enfance. Anim\u00e9e par le d\u00e9sir de comprendre le fonctionnement humain,  j&rsquo;ai compl\u00e9t\u00e9 ma formation initiale par une approche syst\u00e9mique avec la th\u00e9rapie familiale par phases de Carole Gammer. Les outils de cette th\u00e9rapie br\u00e8ve ont guid\u00e9 mes interventions pendant des ann\u00e9es.<\/p>\n\n\n\n<p>Toujours \u00e0 la recherche de nouveaux outils, j&rsquo;ai ensuite explor\u00e9 les richesses de la Programmation Neuro-Linguistique (PNL) et de l&rsquo;hypnose Ericksonienne. Plus r\u00e9cemment, ma formation en sophro-analyse a ouvert une nouvelle perspective, permettant de r\u00e9unir psychologie et spiritualit\u00e9 dans ma pratique. Cette approche holistique vise \u00e0 accompagner les individus vers leurs objectifs, en effectuant une reprogrammation profonde pour une renaissance \u00e0 soi-m\u00eame, avec davantage d&rsquo;autonomie et de prise de responsabilit\u00e9.<\/p>\n\n\n\n<p><strong>Orientation Actuelle :<\/strong><\/p>\n\n\n\n<p>En tant que psychologue clinicienne, et passion\u00e9e par mon activit\u00e9e, je m&rsquo;applique \u00e0 accompagner les enfants, adolescents, et toute personne en qu\u00eate de mieux-\u00eatre. Mon approche respecte la diversit\u00e9 des besoins, int\u00e9grant les outils et formations que j&rsquo;ai acquis au fil du temps. Que vous soyez ouvert \u00e0 des techniques nouvelles telles que la sophro-analyse avec son ouverture spirituelle, ou non, mon objectif est de vous aider \u00e0 mieux vous conna\u00eetre et \u00e0 cr\u00e9er des changements significatifs dans votre vie.<\/p>\n\n\n\n<p><\/p>\n\n\n\n<p><\/p>\n\n\n\n<figure class=\"wp-block-image size-large is-resized is-style-rounded\"><img loading=\"lazy\" decoding=\"async\" width=\"1024\" height=\"682\" src=\"https:\/\/heloisedenicourt.com\/wp-content\/uploads\/2024\/02\/bird-2295436_1280-1024x682.jpg\" alt=\"\" class=\"wp-image-798\" style=\"width:358px;height:auto\" srcset=\"https:\/\/heloisedenicourt.com\/wp-content\/uploads\/2024\/02\/bird-2295436_1280-1024x682.jpg 1024w, https:\/\/heloisedenicourt.com\/wp-content\/uploads\/2024\/02\/bird-2295436_1280-300x200.jpg 300w, https:\/\/heloisedenicourt.com\/wp-content\/uploads\/2024\/02\/bird-2295436_1280-768x512.jpg 768w, https:\/\/heloisedenicourt.com\/wp-content\/uploads\/2024\/02\/bird-2295436_1280-90x60.jpg 90w, https:\/\/heloisedenicourt.com\/wp-content\/uploads\/2024\/02\/bird-2295436_1280-420x280.jpg 420w, https:\/\/heloisedenicourt.com\/wp-content\/uploads\/2024\/02\/bird-2295436_1280.jpg 1280w\" sizes=\"auto, (max-width: 1024px) 100vw, 1024px\" \/><\/figure>\n\n\n\n<p class=\"has-black-color has-text-color\" style=\"font-size:19px\"><strong>MES ENGAGEMENTS<\/strong><\/p>\n\n\n\n<ul class=\"wp-block-list\">\n<li>Respecter vos droits, votre libert\u00e9 et vos valeurs, en m\u2019interdisant toute confusion de r\u00f4le, tout abus d\u2019influence et en vous laissant ma\u00eetre et responsable de vos d\u00e9cisions.<\/li>\n\n\n\n<li>\u00catre en mesure de vous expliciter les fondements th\u00e9oriques et l\u2019utilit\u00e9 des techniques utilis\u00e9es.<\/li>\n\n\n\n<li>M\u2019assurer d\u2019une comp\u00e9tence professionnelle certaine et en progression, via une formation th\u00e9orique et pratique continue, via un travail th\u00e9rapeutique sur moi-m\u00eame avec un autre th\u00e9rapeute, via une supervision individuelle et de groupe assur\u00e9e par un tiers qualifi\u00e9.<\/li>\n\n\n\n<li>Respecter la stricte confidentialit\u00e9 des informations qui vous concernent : je suis en effet tenue au secret professionnel quant aux informations que vous me d\u00e9voilez dans le cadre des s\u00e9ances de psychoth\u00e9rapie (et que je consigne le cas \u00e9ch\u00e9ant dans votre fiche de suivi), sauf si vous m\u2019autorisez par \u00e9crit \u00e0 r\u00e9v\u00e9ler certaines de ces informations \u00e0 une personne tiers identifi\u00e9e par vous. Il existe cependant deux cas pr\u00e9cis pour lesquels la r\u00e8gle de confidentialit\u00e9 peut \u00eatre lev\u00e9e : dans le cas d\u2019une proc\u00e9dure judiciaire, si un juge me demande des informations vous concernant, ou si j\u2019ai des raisons s\u00e9rieuses de croire que votre vie ou celle de toute autre personne de votre entourage est menac\u00e9e, si j\u2019estime par exemple qu\u2019il y a un risque suicidaire ou un risque d\u2019homicide, ou si la vie ou la s\u00e9curit\u00e9 d\u2019un enfant est en danger<\/li>\n\n\n\n<li>Dans le cas d&rsquo;un suivi au cabinet, vous recevoir dans un lieu propre et accueillant.<\/li>\n<\/ul>\n\n\n\n<p><\/p>\n\n\n\n<p><\/p>\n","protected":false},"excerpt":{"rendered":"<p>Mon parcours personnel : Ma qu\u00eate de sens a \u00e9t\u00e9 le point de d\u00e9part de mon cheminement. Les \u00e9preuves de vie et une perte progressive &hellip; <\/p>\n","protected":false},"author":1,"featured_media":0,"parent":0,"menu_order":0,"comment_status":"closed","ping_status":"closed","template":"","meta":{"_eb_attr":"","footnotes":""},"class_list":["post-325","page","type-page","status-publish","hentry"],"yoast_head":"<!-- This site is optimized with the Yoast SEO plugin v22.0 - https:\/\/yoast.com\/wordpress\/plugins\/seo\/ -->\n<title>Qui suis-je - H\u00e9lo\u00efse DENICOURT<\/title>\n<meta name=\"robots\" content=\"index, follow, max-snippet:-1, max-image-preview:large, max-video-preview:-1\" \/>\n<link rel=\"canonical\" href=\"https:\/\/heloisedenicourt.com\/index.php\/notre-accompagnement\/\" \/>\n<meta property=\"og:locale\" content=\"fr_FR\" \/>\n<meta property=\"og:type\" content=\"article\" \/>\n<meta property=\"og:title\" content=\"Qui suis-je - H\u00e9lo\u00efse DENICOURT\" \/>\n<meta property=\"og:description\" content=\"Mon parcours personnel : Ma qu\u00eate de sens a \u00e9t\u00e9 le point de d\u00e9part de mon cheminement. Les \u00e9preuves de vie et une perte progressive &hellip;\" \/>\n<meta property=\"og:url\" content=\"https:\/\/heloisedenicourt.com\/index.php\/notre-accompagnement\/\" \/>\n<meta property=\"og:site_name\" content=\"H\u00e9lo\u00efse DENICOURT\" \/>\n<meta property=\"article:modified_time\" content=\"2024-07-24T20:17:42+00:00\" \/>\n<meta property=\"og:image\" content=\"https:\/\/heloisedenicourt.com\/wp-content\/uploads\/2024\/02\/image0.jpeg\" \/>\n<meta name=\"twitter:card\" content=\"summary_large_image\" \/>\n<meta name=\"twitter:label1\" content=\"Dur\u00e9e de lecture estim\u00e9e\" \/>\n\t<meta name=\"twitter:data1\" content=\"4 minutes\" \/>\n<script type=\"application\/ld+json\" class=\"yoast-schema-graph\">{\"@context\":\"https:\/\/schema.org\",\"@graph\":[{\"@type\":\"WebPage\",\"@id\":\"https:\/\/heloisedenicourt.com\/index.php\/notre-accompagnement\/\",\"url\":\"https:\/\/heloisedenicourt.com\/index.php\/notre-accompagnement\/\",\"name\":\"Qui suis-je - H\u00e9lo\u00efse DENICOURT\",\"isPartOf\":{\"@id\":\"https:\/\/heloisedenicourt.com\/#website\"},\"datePublished\":\"2023-03-27T11:17:20+00:00\",\"dateModified\":\"2024-07-24T20:17:42+00:00\",\"breadcrumb\":{\"@id\":\"https:\/\/heloisedenicourt.com\/index.php\/notre-accompagnement\/#breadcrumb\"},\"inLanguage\":\"fr-FR\",\"potentialAction\":[{\"@type\":\"ReadAction\",\"target\":[\"https:\/\/heloisedenicourt.com\/index.php\/notre-accompagnement\/\"]}]},{\"@type\":\"BreadcrumbList\",\"@id\":\"https:\/\/heloisedenicourt.com\/index.php\/notre-accompagnement\/#breadcrumb\",\"itemListElement\":[{\"@type\":\"ListItem\",\"position\":1,\"name\":\"Accueil\",\"item\":\"https:\/\/heloisedenicourt.com\/\"},{\"@type\":\"ListItem\",\"position\":2,\"name\":\"Qui suis-je\"}]},{\"@type\":\"WebSite\",\"@id\":\"https:\/\/heloisedenicourt.com\/#website\",\"url\":\"https:\/\/heloisedenicourt.com\/\",\"name\":\"H\u00e9lo\u00efse DENICOURT\",\"description\":\"psychologue et psychoth\u00e9rapeute \",\"publisher\":{\"@id\":\"https:\/\/heloisedenicourt.com\/#organization\"},\"potentialAction\":[{\"@type\":\"SearchAction\",\"target\":{\"@type\":\"EntryPoint\",\"urlTemplate\":\"https:\/\/heloisedenicourt.com\/?s={search_term_string}\"},\"query-input\":\"required name=search_term_string\"}],\"inLanguage\":\"fr-FR\"},{\"@type\":\"Organization\",\"@id\":\"https:\/\/heloisedenicourt.com\/#organization\",\"name\":\"H\u00e9lo\u00efse DENICOURT\",\"url\":\"https:\/\/heloisedenicourt.com\/\",\"logo\":{\"@type\":\"ImageObject\",\"inLanguage\":\"fr-FR\",\"@id\":\"https:\/\/heloisedenicourt.com\/#\/schema\/logo\/image\/\",\"url\":\"https:\/\/heloisedenicourt.com\/wp-content\/uploads\/2024\/02\/Capture-deecran-2024-02-01-aE-14.40.51-1.png\",\"contentUrl\":\"https:\/\/heloisedenicourt.com\/wp-content\/uploads\/2024\/02\/Capture-deecran-2024-02-01-aE-14.40.51-1.png\",\"width\":420,\"height\":420,\"caption\":\"H\u00e9lo\u00efse DENICOURT\"},\"image\":{\"@id\":\"https:\/\/heloisedenicourt.com\/#\/schema\/logo\/image\/\"}}]}<\/script>\n<!-- \/ Yoast SEO plugin. -->","yoast_head_json":{"title":"Qui suis-je - H\u00e9lo\u00efse DENICOURT","robots":{"index":"index","follow":"follow","max-snippet":"max-snippet:-1","max-image-preview":"max-image-preview:large","max-video-preview":"max-video-preview:-1"},"canonical":"https:\/\/heloisedenicourt.com\/index.php\/notre-accompagnement\/","og_locale":"fr_FR","og_type":"article","og_title":"Qui suis-je - H\u00e9lo\u00efse DENICOURT","og_description":"Mon parcours personnel : Ma qu\u00eate de sens a \u00e9t\u00e9 le point de d\u00e9part de mon cheminement. Les \u00e9preuves de vie et une perte progressive &hellip;","og_url":"https:\/\/heloisedenicourt.com\/index.php\/notre-accompagnement\/","og_site_name":"H\u00e9lo\u00efse DENICOURT","article_modified_time":"2024-07-24T20:17:42+00:00","og_image":[{"url":"https:\/\/heloisedenicourt.com\/wp-content\/uploads\/2024\/02\/image0.jpeg"}],"twitter_card":"summary_large_image","twitter_misc":{"Dur\u00e9e de lecture estim\u00e9e":"4 minutes"},"schema":{"@context":"https:\/\/schema.org","@graph":[{"@type":"WebPage","@id":"https:\/\/heloisedenicourt.com\/index.php\/notre-accompagnement\/","url":"https:\/\/heloisedenicourt.com\/index.php\/notre-accompagnement\/","name":"Qui suis-je - H\u00e9lo\u00efse DENICOURT","isPartOf":{"@id":"https:\/\/heloisedenicourt.com\/#website"},"datePublished":"2023-03-27T11:17:20+00:00","dateModified":"2024-07-24T20:17:42+00:00","breadcrumb":{"@id":"https:\/\/heloisedenicourt.com\/index.php\/notre-accompagnement\/#breadcrumb"},"inLanguage":"fr-FR","potentialAction":[{"@type":"ReadAction","target":["https:\/\/heloisedenicourt.com\/index.php\/notre-accompagnement\/"]}]},{"@type":"BreadcrumbList","@id":"https:\/\/heloisedenicourt.com\/index.php\/notre-accompagnement\/#breadcrumb","itemListElement":[{"@type":"ListItem","position":1,"name":"Accueil","item":"https:\/\/heloisedenicourt.com\/"},{"@type":"ListItem","position":2,"name":"Qui suis-je"}]},{"@type":"WebSite","@id":"https:\/\/heloisedenicourt.com\/#website","url":"https:\/\/heloisedenicourt.com\/","name":"H\u00e9lo\u00efse DENICOURT","description":"psychologue et psychoth\u00e9rapeute ","publisher":{"@id":"https:\/\/heloisedenicourt.com\/#organization"},"potentialAction":[{"@type":"SearchAction","target":{"@type":"EntryPoint","urlTemplate":"https:\/\/heloisedenicourt.com\/?s={search_term_string}"},"query-input":"required name=search_term_string"}],"inLanguage":"fr-FR"},{"@type":"Organization","@id":"https:\/\/heloisedenicourt.com\/#organization","name":"H\u00e9lo\u00efse DENICOURT","url":"https:\/\/heloisedenicourt.com\/","logo":{"@type":"ImageObject","inLanguage":"fr-FR","@id":"https:\/\/heloisedenicourt.com\/#\/schema\/logo\/image\/","url":"https:\/\/heloisedenicourt.com\/wp-content\/uploads\/2024\/02\/Capture-deecran-2024-02-01-aE-14.40.51-1.png","contentUrl":"https:\/\/heloisedenicourt.com\/wp-content\/uploads\/2024\/02\/Capture-deecran-2024-02-01-aE-14.40.51-1.png","width":420,"height":420,"caption":"H\u00e9lo\u00efse DENICOURT"},"image":{"@id":"https:\/\/heloisedenicourt.com\/#\/schema\/logo\/image\/"}}]}},"_links":{"self":[{"href":"https:\/\/heloisedenicourt.com\/index.php\/wp-json\/wp\/v2\/pages\/325","targetHints":{"allow":["GET"]}}],"collection":[{"href":"https:\/\/heloisedenicourt.com\/index.php\/wp-json\/wp\/v2\/pages"}],"about":[{"href":"https:\/\/heloisedenicourt.com\/index.php\/wp-json\/wp\/v2\/types\/page"}],"author":[{"embeddable":true,"href":"https:\/\/heloisedenicourt.com\/index.php\/wp-json\/wp\/v2\/users\/1"}],"replies":[{"embeddable":true,"href":"https:\/\/heloisedenicourt.com\/index.php\/wp-json\/wp\/v2\/comments?post=325"}],"version-history":[{"count":10,"href":"https:\/\/heloisedenicourt.com\/index.php\/wp-json\/wp\/v2\/pages\/325\/revisions"}],"predecessor-version":[{"id":904,"href":"https:\/\/heloisedenicourt.com\/index.php\/wp-json\/wp\/v2\/pages\/325\/revisions\/904"}],"wp:attachment":[{"href":"https:\/\/heloisedenicourt.com\/index.php\/wp-json\/wp\/v2\/media?parent=325"}],"curies":[{"name":"wp","href":"https:\/\/api.w.org\/{rel}","templated":true}]}}