{"id":546,"date":"2023-03-09T12:55:50","date_gmt":"2023-03-09T11:55:50","guid":{"rendered":"https:\/\/vibrationsdevie.com\/?page_id=30"},"modified":"2024-07-24T22:32:21","modified_gmt":"2024-07-24T20:32:21","slug":"a-propos","status":"publish","type":"page","link":"https:\/\/heloisedenicourt.com\/index.php\/a-propos\/","title":{"rendered":"La psychologie clinique et l&rsquo;accompagnement th\u00e9rapeutique des adultes, enfants et adolescents"},"content":{"rendered":"\n<div class=\"wp-block-media-text alignwide is-stacked-on-mobile is-vertically-aligned-top\" style=\"grid-template-columns:33% auto\"><figure class=\"wp-block-media-text__media\"><img loading=\"lazy\" decoding=\"async\" width=\"1000\" height=\"667\" src=\"https:\/\/heloisedenicourt.com\/wp-content\/uploads\/2024\/02\/1000_F_606626627_ZmzkUuVsO7cvrK15wCoofA1VDegAwLZz-2.jpg\" alt=\"\" class=\"wp-image-875 size-full\" srcset=\"https:\/\/heloisedenicourt.com\/wp-content\/uploads\/2024\/02\/1000_F_606626627_ZmzkUuVsO7cvrK15wCoofA1VDegAwLZz-2.jpg 1000w, https:\/\/heloisedenicourt.com\/wp-content\/uploads\/2024\/02\/1000_F_606626627_ZmzkUuVsO7cvrK15wCoofA1VDegAwLZz-2-300x200.jpg 300w, https:\/\/heloisedenicourt.com\/wp-content\/uploads\/2024\/02\/1000_F_606626627_ZmzkUuVsO7cvrK15wCoofA1VDegAwLZz-2-768x512.jpg 768w, https:\/\/heloisedenicourt.com\/wp-content\/uploads\/2024\/02\/1000_F_606626627_ZmzkUuVsO7cvrK15wCoofA1VDegAwLZz-2-90x60.jpg 90w, https:\/\/heloisedenicourt.com\/wp-content\/uploads\/2024\/02\/1000_F_606626627_ZmzkUuVsO7cvrK15wCoofA1VDegAwLZz-2-420x280.jpg 420w\" sizes=\"auto, (max-width: 1000px) 100vw, 1000px\" \/><\/figure><div class=\"wp-block-media-text__content\">\n<p><strong>Accompagnement th\u00e9rapeutique pour adultes<\/strong><\/p>\n\n\n\n<p><strong>Lib\u00e9rez-vous de votre pass\u00e9, redonnez sens \u00e0 votre vie<\/strong><\/p>\n\n\n\n<p>Parfois, la vie nous confronte \u00e0 des \u00e9preuves qui semblent insurmontables. Dans ces moments, il est essentiel de reconna\u00eetre qu&rsquo;il peut \u00eatre difficile de faire face seul. C&rsquo;est l\u00e0 que le soutien et la psychoth\u00e9rapie entrent en jeu, offrant une lumi\u00e8re dans l&rsquo;obscurit\u00e9 et un moyen de donner un sens \u00e0 notre existence.<\/p>\n\n\n\n<p>Enferm\u00e9s dans les m\u00e9andres de notre histoire, la vie semble r\u00e9p\u00e9ter inlassablement ce que nous n&rsquo;avons pas pu accepter. Nos relations, nos blocages, nos maux, nos sympt\u00f4mes, sont les t\u00e9moins quotidiens d&rsquo;un malaise indicible qui nous affecte profond\u00e9ment. La psychoth\u00e9rapie devient ainsi un espace o\u00f9 les mots prennent le pouvoir de donner du sens, permettant de comprendre et de se d\u00e9tacher de ce qui causait probl\u00e8me.<\/p>\n\n\n\n<p>Elle offre un refuge pour explorer les recoins les plus sombres de notre \u00eatre. C&rsquo;est un parcours guid\u00e9 o\u00f9 les mots deviennent des outils de compr\u00e9hension, d\u00e9verrouillant les cha\u00eenes du pass\u00e9 pour permettre un avenir plus \u00e9panouissant. En parlant, en partageant, en explorant ensemble votre histoire, nous pouvons trouver les cl\u00e9s pour briser les sch\u00e9mas r\u00e9p\u00e9titifs et redonner direction et signification \u00e0 votre vie.<\/p>\n\n\n\n<p><strong>L\u00e2chez prise, retrouvez votre libert\u00e9<\/strong><\/p>\n\n\n\n<p>Chaque s\u00e9ance de psychoth\u00e9rapie est une opportunit\u00e9 de lib\u00e9ration. Lib\u00e9ration des poids du pass\u00e9, lib\u00e9ration des sch\u00e9mas limitants, et surtout, retrouver la capacit\u00e9 \u00e0 vivre pleinement dans le pr\u00e9sent. En travaillant ensemble, nous pouvons d\u00e9nouer les n\u0153uds \u00e9motionnels, comprendre les m\u00e9canismes inconscients, et avancer vers une vie plus \u00e9quilibr\u00e9e et \u00e9panouissante.<\/p>\n\n\n\n<p>N&rsquo;attendez pas que la vie continue de r\u00e9p\u00e9ter les m\u00eames motifs. Osez prendre le chemin de la transformation. L&rsquo;accompagnement th\u00e9rapeutique offre la clart\u00e9 n\u00e9cessaire pour transcender les obstacles, d\u00e9couvrir votre v\u00e9ritable essence, et retrouver un sens authentique \u00e0 votre existence.<\/p>\n\n\n\n<p><\/p>\n<\/div><\/div>\n\n\n\n<p><\/p>\n\n\n\n<div class=\"wp-block-media-text alignfull is-stacked-on-mobile is-vertically-aligned-top\" style=\"grid-template-columns:33% auto\"><figure class=\"wp-block-media-text__media\"><img loading=\"lazy\" decoding=\"async\" width=\"612\" height=\"408\" src=\"https:\/\/heloisedenicourt.com\/wp-content\/uploads\/2024\/02\/cerf-volant-1.jpg\" alt=\"\" class=\"wp-image-816 size-full\" srcset=\"https:\/\/heloisedenicourt.com\/wp-content\/uploads\/2024\/02\/cerf-volant-1.jpg 612w, https:\/\/heloisedenicourt.com\/wp-content\/uploads\/2024\/02\/cerf-volant-1-300x200.jpg 300w, https:\/\/heloisedenicourt.com\/wp-content\/uploads\/2024\/02\/cerf-volant-1-90x60.jpg 90w, https:\/\/heloisedenicourt.com\/wp-content\/uploads\/2024\/02\/cerf-volant-1-420x280.jpg 420w\" sizes=\"auto, (max-width: 612px) 100vw, 612px\" \/><\/figure><div class=\"wp-block-media-text__content\">\n<p><strong>Accompagnement Th\u00e9rapeutique pour Enfants et Adolescents : D\u00e9couverte, Compr\u00e9hension, Changement<\/strong><\/p>\n\n\n\n<p>Bienvenue dans l&rsquo;espace d\u00e9di\u00e9 \u00e0 l&rsquo;accompagnement th\u00e9rapeutique des enfants et des adolescents, o\u00f9 la d\u00e9couverte de soi, la compr\u00e9hension et le changement sont au c\u0153ur de chaque s\u00e9ance.<\/p>\n\n\n\n<p><strong>Approche Ludique et Cr\u00e9ative :<\/strong><\/p>\n\n\n\n<p>Comprendre le monde des enfants et des adolescents n\u00e9cessite un langage particulier. C&rsquo;est pourquoi j&rsquo;int\u00e8gre des outils sp\u00e9cifiques tels que le dessin et les jeux symboliques. Ces moyens d&rsquo;expression non verbaux permettent \u00e0 chacun de s&rsquo;exprimer librement, de partager ses \u00e9motions et de mettre en lumi\u00e8re des aspects de sa vie int\u00e9rieure qui pourraient autrement rester cach\u00e9s. L&rsquo;approche ludique cr\u00e9e un espace s\u00fbr o\u00f9 les jeunes peuvent explorer leurs pens\u00e9es et leurs sentiments de mani\u00e8re naturelle et engageante.<\/p>\n\n\n\n<p><strong>Entretiens Individualis\u00e9s :<\/strong><\/p>\n\n\n\n<p>Au-del\u00e0 des outils cr\u00e9atifs, les entretiens individuels sont un pilier essentiel de l&rsquo;accompagnement. C&rsquo;est dans ces moments d&rsquo;\u00e9change verbal que nous explorons ensemble les pens\u00e9es, les sentiments et les exp\u00e9riences de l&rsquo;enfant ou de l&rsquo;adolescent. Ces entretiens offrent un espace o\u00f9 chacun peut se sentir entendu, compris et soutenu dans son cheminement personnel.<\/p>\n\n\n\n<p><strong>D\u00e9couverte de Soi et Compr\u00e9hension Alternative :<\/strong><\/p>\n\n\n\n<p>L&rsquo;objectif principal de ce travail est de permettre \u00e0 l&rsquo;enfant ou \u00e0 l&rsquo;adolescent de se d\u00e9couvrir et de se comprendre d&rsquo;une mani\u00e8re nouvelle. En utilisant une approche holistique, nous explorerons les aspects \u00e9motionnels, cognitifs et comportementaux, tout en cherchant des moyens d&rsquo;apporter des changements positifs.<\/p>\n\n\n\n<p><strong>Implication des Parents :<\/strong><\/p>\n\n\n\n<p>Je crois fermement en l&rsquo;importance de collaborer avec les parents pour assurer une continuit\u00e9 et un soutien \u00e0 la maison. Des points r\u00e9guliers en fin de s\u00e9ance permettent de partager les observations et les progr\u00e8s. Des entretiens plus longs seront \u00e9galement planifi\u00e9s, adapt\u00e9s aux objectifs sp\u00e9cifiques, \u00e0 l&rsquo;\u00e2ge de l&rsquo;enfant et aux besoins de la famille.<\/p>\n\n\n\n<p><strong>Ensemble, vers le Changement :<\/strong><\/p>\n\n\n\n<p>Chaque enfant et adolescent est unique, et notre travail ensemble sera adapt\u00e9 \u00e0 ses besoins sp\u00e9cifiques. En tant qu&rsquo;accompagnant th\u00e9rapeutique, mon engagement est de cr\u00e9er un environnement s\u00fbr et bienveillant pour favoriser la croissance, l&rsquo;auto-d\u00e9couverte et le changement positif.<\/p>\n\n\n\n<p>N&rsquo;h\u00e9sitez pas \u00e0 me contacter pour discuter de la mani\u00e8re dont je peux soutenir votre enfant ou adolescent dans son parcours vers le bien-\u00eatre.<\/p>\n\n\n\n<p><\/p>\n<\/div><\/div>\n\n\n\n<div style=\"height:0px\" aria-hidden=\"true\" class=\"wp-block-spacer\"><\/div>\n","protected":false},"excerpt":{"rendered":"<p>Accompagnement th\u00e9rapeutique pour adultes Lib\u00e9rez-vous de votre pass\u00e9, redonnez sens \u00e0 votre vie Parfois, la vie nous confronte \u00e0 des \u00e9preuves qui semblent insurmontables. Dans &hellip; <\/p>\n","protected":false},"author":1,"featured_media":0,"parent":0,"menu_order":0,"comment_status":"closed","ping_status":"closed","template":"","meta":{"_eb_attr":"","footnotes":""},"class_list":["post-546","page","type-page","status-publish","hentry"],"yoast_head":"<!-- This site is optimized with the Yoast SEO plugin v22.0 - https:\/\/yoast.com\/wordpress\/plugins\/seo\/ -->\n<title>La psychologie clinique et l&#039;accompagnement th\u00e9rapeutique des adultes, enfants et adolescents - H\u00e9lo\u00efse DENICOURT<\/title>\n<meta name=\"robots\" content=\"index, follow, max-snippet:-1, max-image-preview:large, max-video-preview:-1\" \/>\n<link rel=\"canonical\" href=\"https:\/\/heloisedenicourt.com\/index.php\/a-propos\/\" \/>\n<meta property=\"og:locale\" content=\"fr_FR\" \/>\n<meta property=\"og:type\" content=\"article\" \/>\n<meta property=\"og:title\" content=\"La psychologie clinique et l&#039;accompagnement th\u00e9rapeutique des adultes, enfants et adolescents - H\u00e9lo\u00efse DENICOURT\" \/>\n<meta property=\"og:description\" content=\"Accompagnement th\u00e9rapeutique pour adultes Lib\u00e9rez-vous de votre pass\u00e9, redonnez sens \u00e0 votre vie Parfois, la vie nous confronte \u00e0 des \u00e9preuves qui semblent insurmontables. Dans &hellip;\" \/>\n<meta property=\"og:url\" content=\"https:\/\/heloisedenicourt.com\/index.php\/a-propos\/\" \/>\n<meta property=\"og:site_name\" content=\"H\u00e9lo\u00efse DENICOURT\" \/>\n<meta property=\"article:modified_time\" content=\"2024-07-24T20:32:21+00:00\" \/>\n<meta property=\"og:image\" content=\"https:\/\/heloisedenicourt.com\/wp-content\/uploads\/2024\/02\/1000_F_606626627_ZmzkUuVsO7cvrK15wCoofA1VDegAwLZz-2.jpg\" \/>\n<meta name=\"twitter:card\" content=\"summary_large_image\" \/>\n<meta name=\"twitter:label1\" content=\"Dur\u00e9e de lecture estim\u00e9e\" \/>\n\t<meta name=\"twitter:data1\" content=\"4 minutes\" \/>\n<script type=\"application\/ld+json\" class=\"yoast-schema-graph\">{\"@context\":\"https:\/\/schema.org\",\"@graph\":[{\"@type\":\"WebPage\",\"@id\":\"https:\/\/heloisedenicourt.com\/index.php\/a-propos\/\",\"url\":\"https:\/\/heloisedenicourt.com\/index.php\/a-propos\/\",\"name\":\"La psychologie clinique et l'accompagnement th\u00e9rapeutique des adultes, enfants et adolescents - H\u00e9lo\u00efse DENICOURT\",\"isPartOf\":{\"@id\":\"https:\/\/heloisedenicourt.com\/#website\"},\"datePublished\":\"2023-03-09T11:55:50+00:00\",\"dateModified\":\"2024-07-24T20:32:21+00:00\",\"breadcrumb\":{\"@id\":\"https:\/\/heloisedenicourt.com\/index.php\/a-propos\/#breadcrumb\"},\"inLanguage\":\"fr-FR\",\"potentialAction\":[{\"@type\":\"ReadAction\",\"target\":[\"https:\/\/heloisedenicourt.com\/index.php\/a-propos\/\"]}]},{\"@type\":\"BreadcrumbList\",\"@id\":\"https:\/\/heloisedenicourt.com\/index.php\/a-propos\/#breadcrumb\",\"itemListElement\":[{\"@type\":\"ListItem\",\"position\":1,\"name\":\"Accueil\",\"item\":\"https:\/\/heloisedenicourt.com\/\"},{\"@type\":\"ListItem\",\"position\":2,\"name\":\"La psychologie clinique et l&rsquo;accompagnement th\u00e9rapeutique des adultes, enfants et adolescents\"}]},{\"@type\":\"WebSite\",\"@id\":\"https:\/\/heloisedenicourt.com\/#website\",\"url\":\"https:\/\/heloisedenicourt.com\/\",\"name\":\"H\u00e9lo\u00efse DENICOURT\",\"description\":\"psychologue et psychoth\u00e9rapeute \",\"publisher\":{\"@id\":\"https:\/\/heloisedenicourt.com\/#organization\"},\"potentialAction\":[{\"@type\":\"SearchAction\",\"target\":{\"@type\":\"EntryPoint\",\"urlTemplate\":\"https:\/\/heloisedenicourt.com\/?s={search_term_string}\"},\"query-input\":\"required name=search_term_string\"}],\"inLanguage\":\"fr-FR\"},{\"@type\":\"Organization\",\"@id\":\"https:\/\/heloisedenicourt.com\/#organization\",\"name\":\"H\u00e9lo\u00efse DENICOURT\",\"url\":\"https:\/\/heloisedenicourt.com\/\",\"logo\":{\"@type\":\"ImageObject\",\"inLanguage\":\"fr-FR\",\"@id\":\"https:\/\/heloisedenicourt.com\/#\/schema\/logo\/image\/\",\"url\":\"https:\/\/heloisedenicourt.com\/wp-content\/uploads\/2024\/02\/Capture-deecran-2024-02-01-aE-14.40.51-1.png\",\"contentUrl\":\"https:\/\/heloisedenicourt.com\/wp-content\/uploads\/2024\/02\/Capture-deecran-2024-02-01-aE-14.40.51-1.png\",\"width\":420,\"height\":420,\"caption\":\"H\u00e9lo\u00efse DENICOURT\"},\"image\":{\"@id\":\"https:\/\/heloisedenicourt.com\/#\/schema\/logo\/image\/\"}}]}<\/script>\n<!-- \/ Yoast SEO plugin. -->","yoast_head_json":{"title":"La psychologie clinique et l'accompagnement th\u00e9rapeutique des adultes, enfants et adolescents - H\u00e9lo\u00efse DENICOURT","robots":{"index":"index","follow":"follow","max-snippet":"max-snippet:-1","max-image-preview":"max-image-preview:large","max-video-preview":"max-video-preview:-1"},"canonical":"https:\/\/heloisedenicourt.com\/index.php\/a-propos\/","og_locale":"fr_FR","og_type":"article","og_title":"La psychologie clinique et l'accompagnement th\u00e9rapeutique des adultes, enfants et adolescents - H\u00e9lo\u00efse DENICOURT","og_description":"Accompagnement th\u00e9rapeutique pour adultes Lib\u00e9rez-vous de votre pass\u00e9, redonnez sens \u00e0 votre vie Parfois, la vie nous confronte \u00e0 des \u00e9preuves qui semblent insurmontables. Dans &hellip;","og_url":"https:\/\/heloisedenicourt.com\/index.php\/a-propos\/","og_site_name":"H\u00e9lo\u00efse DENICOURT","article_modified_time":"2024-07-24T20:32:21+00:00","og_image":[{"url":"https:\/\/heloisedenicourt.com\/wp-content\/uploads\/2024\/02\/1000_F_606626627_ZmzkUuVsO7cvrK15wCoofA1VDegAwLZz-2.jpg"}],"twitter_card":"summary_large_image","twitter_misc":{"Dur\u00e9e de lecture estim\u00e9e":"4 minutes"},"schema":{"@context":"https:\/\/schema.org","@graph":[{"@type":"WebPage","@id":"https:\/\/heloisedenicourt.com\/index.php\/a-propos\/","url":"https:\/\/heloisedenicourt.com\/index.php\/a-propos\/","name":"La psychologie clinique et l'accompagnement th\u00e9rapeutique des adultes, enfants et adolescents - H\u00e9lo\u00efse DENICOURT","isPartOf":{"@id":"https:\/\/heloisedenicourt.com\/#website"},"datePublished":"2023-03-09T11:55:50+00:00","dateModified":"2024-07-24T20:32:21+00:00","breadcrumb":{"@id":"https:\/\/heloisedenicourt.com\/index.php\/a-propos\/#breadcrumb"},"inLanguage":"fr-FR","potentialAction":[{"@type":"ReadAction","target":["https:\/\/heloisedenicourt.com\/index.php\/a-propos\/"]}]},{"@type":"BreadcrumbList","@id":"https:\/\/heloisedenicourt.com\/index.php\/a-propos\/#breadcrumb","itemListElement":[{"@type":"ListItem","position":1,"name":"Accueil","item":"https:\/\/heloisedenicourt.com\/"},{"@type":"ListItem","position":2,"name":"La psychologie clinique et l&rsquo;accompagnement th\u00e9rapeutique des adultes, enfants et adolescents"}]},{"@type":"WebSite","@id":"https:\/\/heloisedenicourt.com\/#website","url":"https:\/\/heloisedenicourt.com\/","name":"H\u00e9lo\u00efse DENICOURT","description":"psychologue et psychoth\u00e9rapeute ","publisher":{"@id":"https:\/\/heloisedenicourt.com\/#organization"},"potentialAction":[{"@type":"SearchAction","target":{"@type":"EntryPoint","urlTemplate":"https:\/\/heloisedenicourt.com\/?s={search_term_string}"},"query-input":"required name=search_term_string"}],"inLanguage":"fr-FR"},{"@type":"Organization","@id":"https:\/\/heloisedenicourt.com\/#organization","name":"H\u00e9lo\u00efse DENICOURT","url":"https:\/\/heloisedenicourt.com\/","logo":{"@type":"ImageObject","inLanguage":"fr-FR","@id":"https:\/\/heloisedenicourt.com\/#\/schema\/logo\/image\/","url":"https:\/\/heloisedenicourt.com\/wp-content\/uploads\/2024\/02\/Capture-deecran-2024-02-01-aE-14.40.51-1.png","contentUrl":"https:\/\/heloisedenicourt.com\/wp-content\/uploads\/2024\/02\/Capture-deecran-2024-02-01-aE-14.40.51-1.png","width":420,"height":420,"caption":"H\u00e9lo\u00efse DENICOURT"},"image":{"@id":"https:\/\/heloisedenicourt.com\/#\/schema\/logo\/image\/"}}]}},"_links":{"self":[{"href":"https:\/\/heloisedenicourt.com\/index.php\/wp-json\/wp\/v2\/pages\/546","targetHints":{"allow":["GET"]}}],"collection":[{"href":"https:\/\/heloisedenicourt.com\/index.php\/wp-json\/wp\/v2\/pages"}],"about":[{"href":"https:\/\/heloisedenicourt.com\/index.php\/wp-json\/wp\/v2\/types\/page"}],"author":[{"embeddable":true,"href":"https:\/\/heloisedenicourt.com\/index.php\/wp-json\/wp\/v2\/users\/1"}],"replies":[{"embeddable":true,"href":"https:\/\/heloisedenicourt.com\/index.php\/wp-json\/wp\/v2\/comments?post=546"}],"version-history":[{"count":14,"href":"https:\/\/heloisedenicourt.com\/index.php\/wp-json\/wp\/v2\/pages\/546\/revisions"}],"predecessor-version":[{"id":912,"href":"https:\/\/heloisedenicourt.com\/index.php\/wp-json\/wp\/v2\/pages\/546\/revisions\/912"}],"wp:attachment":[{"href":"https:\/\/heloisedenicourt.com\/index.php\/wp-json\/wp\/v2\/media?parent=546"}],"curies":[{"name":"wp","href":"https:\/\/api.w.org\/{rel}","templated":true}]}}