{"id":548,"date":"2023-03-09T12:55:50","date_gmt":"2023-03-09T11:55:50","guid":{"rendered":"https:\/\/vibrationsdevie.com\/?page_id=33"},"modified":"2024-07-24T22:21:34","modified_gmt":"2024-07-24T20:21:34","slug":"inspirations","status":"publish","type":"page","link":"https:\/\/heloisedenicourt.com\/index.php\/inspirations\/","title":{"rendered":"La sophro-analyse des m\u00e9moires pr\u00e9natales de la naissance et de l&rsquo;enfance"},"content":{"rendered":"\n<div class=\"wp-block-media-text alignwide is-stacked-on-mobile\" style=\"grid-template-columns:27% auto\"><figure class=\"wp-block-media-text__media\"><img loading=\"lazy\" decoding=\"async\" width=\"612\" height=\"408\" src=\"https:\/\/heloisedenicourt.com\/wp-content\/uploads\/2024\/01\/dunes.jpg\" alt=\"\" class=\"wp-image-704 size-full\" srcset=\"https:\/\/heloisedenicourt.com\/wp-content\/uploads\/2024\/01\/dunes.jpg 612w, https:\/\/heloisedenicourt.com\/wp-content\/uploads\/2024\/01\/dunes-300x200.jpg 300w, https:\/\/heloisedenicourt.com\/wp-content\/uploads\/2024\/01\/dunes-90x60.jpg 90w, https:\/\/heloisedenicourt.com\/wp-content\/uploads\/2024\/01\/dunes-420x280.jpg 420w\" sizes=\"auto, (max-width: 612px) 100vw, 612px\" \/><\/figure><div class=\"wp-block-media-text__content\">\n<p class=\"has-medium-font-size\"><strong>L&rsquo;origine de la sophro-analyse<\/strong><\/p>\n\n\n\n<p style=\"font-size:16px\">L&rsquo;origine de la sophro-analyse des m\u00e9moires pr\u00e9natales: Claude Imbert, docteur en m\u00e9decine a cr\u00e9e la sophro-analyse en 1999. Ce nouveau concept regroupe des techniques telles que la PNL (programmation neuro linguistique) et surtout l&rsquo;Analyse Transactionnelle. Gr\u00e2ce \u00e0 cette discipline, il est possible de d&rsquo;explorer des p\u00e9riodes de sa vie jusqu&rsquo;\u00e0 la vie Intra ut\u00e9rine. Pour le Dr Imbert, la p\u00e9riode de vie Intra-ut\u00e9rine d\u00e9termine la vie future du b\u00e9b\u00e9. Le foetus entend, ressent les \u00e9motions de sa m\u00e8re. Les outils de la sophro-analyse permettent de lib\u00e9rer et transformer toutes ces empreintes. <\/p>\n\n\n\n<p style=\"font-size:16px\">Christine Louveau a enrichi cette m\u00e9thodes,  la sophro-analyse des M\u00e9moires pr\u00e9natales et de l&rsquo;enfance devient La Sophro-analyse VAC\u00ae (Votre \u00c2me aux Commandes), issue d\u2019une longue exp\u00e9rience pratique, est une&nbsp;<strong>m\u00e9thode unique<\/strong>&nbsp;qui s\u2019appuie sur des \u00e9l\u00e9ments de la Programmation Neuro-Linguistique (P.N.L.), de l\u2019Analyse Transactionnelle, du d\u00e9codage des m\u00e9moires pr\u00e9natales et de la Syst\u00e9mique.<\/p>\n<\/div><\/div>\n\n\n\n<p><\/p>\n\n\n\n<div class=\"wp-block-media-text alignwide has-media-on-the-right is-stacked-on-mobile\" style=\"grid-template-columns:auto 25%\"><div class=\"wp-block-media-text__content\">\n<p class=\"has-medium-font-size\"><strong>La Sophro-analyse Votre \u00e2me aux commandes : L&rsquo;alliance de la psychologie et de la spiritualit\u00e9<\/strong><\/p>\n\n\n\n<ul class=\"wp-block-list\">\n<li>L&rsquo;\u00e2me peut \u00e9galement \u00eatre per\u00e7ue comme notre conscience sup\u00e9rieure, notre SOI cette partie de nous qui est en mesure de voir au-del\u00e0 des apparences et de comprendre les liens profonds qui unissent toute chose dans l&rsquo;univers. C&rsquo;est par cette conscience \u00e9largie que nous pouvons trouver un sens plus profond dans nos exp\u00e9riences et dans notre relation au monde qui nous entoure.<\/li>\n\n\n\n<li>Dans une perspective de spiritualit\u00e9 la\u00efque, l&rsquo;exploration de l&rsquo;\u00e2me ne n\u00e9cessite pas d&rsquo;adh\u00e9rer \u00e0 une croyance religieuse sp\u00e9cifique. C&rsquo;est un voyage personnel et int\u00e9rieur, guid\u00e9 par la curiosit\u00e9, la contemplation et la recherche de v\u00e9rit\u00e9 dans notre propre exp\u00e9rience de vie<\/li>\n\n\n\n<li>La sophro-analyse permet de lib\u00e9rer l&rsquo;individu de son pass\u00e9 et de l&rsquo;ouvrir \u00e0 un nouveau mode de fonctionnement en changeant le regard sur soi, et sur le monde. Elle permet une exploration et une lib\u00e9ration de la conscience de ce qui provoque en nous les souffrances, blocages&#8230;<\/li>\n\n\n\n<li>Il s&rsquo;agit donc d&rsquo;une approche non-dirigiste, le th\u00e9rapeute adopte un r\u00f4le de guide bienveillant, permettant au client de se connecter avec sa propre sagesse int\u00e9rieure. C&rsquo;est un partenariat o\u00f9 le client est encourag\u00e9 \u00e0 suivre les mouvements naturels de son \u00eatre, en se laissant guider par une source de connaissance profonde et personnelle. Le th\u00e9rapeute, dans un r\u00f4le de soutien, cr\u00e9e un espace s\u00fbr o\u00f9 le client peut explorer, sans jugement ni direction pr\u00e9d\u00e9termin\u00e9e.<\/li>\n\n\n\n<li>Le client est encourag\u00e9 \u00e0 suivre les signaux de son \u00e2me, \u00e0 explorer les empreintes qui r\u00e9sonnent avec ses besoins int\u00e9rieurs. L&rsquo;exploration peut prendre des directions inattendues et spontan\u00e9es, refl\u00e9tant les besoins et les d\u00e9sirs du client \u00e0 un niveau profond\u00e9ment personnel<\/li>\n<\/ul>\n<\/div><figure class=\"wp-block-media-text__media\"><img loading=\"lazy\" decoding=\"async\" width=\"612\" height=\"408\" src=\"https:\/\/heloisedenicourt.com\/wp-content\/uploads\/2024\/02\/fleur-lumiere.jpg\" alt=\"\" class=\"wp-image-722 size-full\" srcset=\"https:\/\/heloisedenicourt.com\/wp-content\/uploads\/2024\/02\/fleur-lumiere.jpg 612w, https:\/\/heloisedenicourt.com\/wp-content\/uploads\/2024\/02\/fleur-lumiere-300x200.jpg 300w, https:\/\/heloisedenicourt.com\/wp-content\/uploads\/2024\/02\/fleur-lumiere-90x60.jpg 90w, https:\/\/heloisedenicourt.com\/wp-content\/uploads\/2024\/02\/fleur-lumiere-420x280.jpg 420w\" sizes=\"auto, (max-width: 612px) 100vw, 612px\" \/><\/figure><\/div>\n\n\n\n<p><\/p>\n\n\n\n<div class=\"wp-block-media-text alignwide is-stacked-on-mobile\" style=\"grid-template-columns:22% auto\"><figure class=\"wp-block-media-text__media\"><img loading=\"lazy\" decoding=\"async\" width=\"612\" height=\"335\" src=\"https:\/\/heloisedenicourt.com\/wp-content\/uploads\/2024\/02\/fleur-rose.jpg\" alt=\"\" class=\"wp-image-718 size-full\" srcset=\"https:\/\/heloisedenicourt.com\/wp-content\/uploads\/2024\/02\/fleur-rose.jpg 612w, https:\/\/heloisedenicourt.com\/wp-content\/uploads\/2024\/02\/fleur-rose-300x164.jpg 300w, https:\/\/heloisedenicourt.com\/wp-content\/uploads\/2024\/02\/fleur-rose-110x60.jpg 110w\" sizes=\"auto, (max-width: 612px) 100vw, 612px\" \/><\/figure><div class=\"wp-block-media-text__content\">\n<p class=\"has-medium-font-size\"><strong>Comment se d\u00e9roule une s\u00e9ance?<\/strong><\/p>\n\n\n\n<ul class=\"wp-block-list\">\n<li>Chaque consultation commence par un entretien d&rsquo;une quinzaine de minutes pour faire le point sur la p\u00e9riode \u00e9coul\u00e9e depuis la derni\u00e8re s\u00e9ance, les changements observ\u00e9s. <\/li>\n\n\n\n<li>Une relaxation l\u00e9g\u00e8re permet d&rsquo;entrer dans un \u00e9tat de conscience \u00e9largi dans lequel la personne reste en int\u00e9raction avec le th\u00e9rapeute.  Cela permet une r\u00e9gression dans le temps, une ouverture de conscience, un acc\u00e8s aux ressources et de poser des ancrages utiles.<\/li>\n\n\n\n<li>en fonction des empreintes revisit\u00e9es, le th\u00e9rapeute accompagne le client \u00e0 reconsid\u00e9rer ses croyances erron\u00e9es, et \u00e0 reprogrammer de nouvelles strat\u00e9gies plus b\u00e9n\u00e9fiques pour lui. <\/li>\n\n\n\n<li>Retour dans l&rsquo;ici et maintenant avec de nouvelles compr\u00e9hensions et d\u00e9cisions, ancr\u00e9es profond\u00e9ment. <\/li>\n<\/ul>\n<\/div><\/div>\n\n\n\n<p><\/p>\n\n\n\n<div class=\"wp-block-media-text alignwide has-media-on-the-right is-stacked-on-mobile\" style=\"grid-template-columns:auto 30%\"><div class=\"wp-block-media-text__content\">\n<p style=\"font-size:20px\"><strong>Pour qui?<\/strong><\/p>\n\n\n\n<p>Adultes et adolescents (avec autorisation parentale pour les mineurs) qui souhaitent: <\/p>\n\n\n\n<ul class=\"wp-block-list\">\n<li>Se lib\u00e9rer des souffrances du pass\u00e9 et des croyances limitantes et changer les comportements limitants.<\/li>\n\n\n\n<li>Pacifier les relations conflictuelles,<\/li>\n\n\n\n<li>r\u00e9duire les tensions corporelles et psychique et les somatisations du corps.<\/li>\n\n\n\n<li>S&rsquo;aimer, <\/li>\n\n\n\n<li>contacter sa s\u00e9curit\u00e9, sa confiance et sa paix int\u00e9rieure.<\/li>\n\n\n\n<li>Vivre en pleine conscience et \u00eatre cr\u00e9ateur de sa vie.<\/li>\n<\/ul>\n<\/div><figure class=\"wp-block-media-text__media\"><img loading=\"lazy\" decoding=\"async\" width=\"1024\" height=\"683\" src=\"https:\/\/heloisedenicourt.com\/wp-content\/uploads\/2023\/12\/landscape-water-nature-wilderness-mountain-cloud-100772-pxhere-com-3-1024x683.jpg\" alt=\"\" class=\"wp-image-130 size-full\" srcset=\"https:\/\/heloisedenicourt.com\/wp-content\/uploads\/2023\/12\/landscape-water-nature-wilderness-mountain-cloud-100772-pxhere-com-3-1024x683.jpg 1024w, https:\/\/heloisedenicourt.com\/wp-content\/uploads\/2023\/12\/landscape-water-nature-wilderness-mountain-cloud-100772-pxhere-com-3-300x200.jpg 300w, https:\/\/heloisedenicourt.com\/wp-content\/uploads\/2023\/12\/landscape-water-nature-wilderness-mountain-cloud-100772-pxhere-com-3-768x512.jpg 768w, https:\/\/heloisedenicourt.com\/wp-content\/uploads\/2023\/12\/landscape-water-nature-wilderness-mountain-cloud-100772-pxhere-com-3-1536x1024.jpg 1536w, https:\/\/heloisedenicourt.com\/wp-content\/uploads\/2023\/12\/landscape-water-nature-wilderness-mountain-cloud-100772-pxhere-com-3.jpg 1920w\" sizes=\"auto, (max-width: 1024px) 100vw, 1024px\" \/><\/figure><\/div>\n\n\n\n<div class=\"wp-block-media-text alignwide is-stacked-on-mobile\" style=\"grid-template-columns:20% auto\"><figure class=\"wp-block-media-text__media\"><img loading=\"lazy\" decoding=\"async\" width=\"612\" height=\"408\" src=\"https:\/\/heloisedenicourt.com\/wp-content\/uploads\/2024\/02\/istockphoto-1190433940-612x612-1.jpg\" alt=\"\" class=\"wp-image-721 size-full\" srcset=\"https:\/\/heloisedenicourt.com\/wp-content\/uploads\/2024\/02\/istockphoto-1190433940-612x612-1.jpg 612w, https:\/\/heloisedenicourt.com\/wp-content\/uploads\/2024\/02\/istockphoto-1190433940-612x612-1-300x200.jpg 300w, https:\/\/heloisedenicourt.com\/wp-content\/uploads\/2024\/02\/istockphoto-1190433940-612x612-1-90x60.jpg 90w, https:\/\/heloisedenicourt.com\/wp-content\/uploads\/2024\/02\/istockphoto-1190433940-612x612-1-420x280.jpg 420w\" sizes=\"auto, (max-width: 612px) 100vw, 612px\" \/><\/figure><div class=\"wp-block-media-text__content\">\n<p style=\"font-size:20px\"><strong>Applications th\u00e9rapeutiques:<\/strong><\/p>\n\n\n\n<ul class=\"wp-block-list\">\n<li>D\u00e9pression et tristesse r\u00e9currente,<\/li>\n\n\n\n<li>stress et anxi\u00e9t\u00e9, <\/li>\n\n\n\n<li>burn out,<\/li>\n\n\n\n<li>difficult\u00e9s relationnelles, <\/li>\n\n\n\n<li>deuil,<\/li>\n\n\n\n<li>empreintes traumatiques, <\/li>\n\n\n\n<li>transitions (d\u00e9m\u00e9nagements, changement professionnel, naissance d&rsquo;un enfant&#8230; ), <\/li>\n\n\n\n<li>pens\u00e9es n\u00e9gatives&#8230;<\/li>\n<\/ul>\n<\/div><\/div>\n\n\n\n<div class=\"wp-block-media-text alignwide has-media-on-the-right is-stacked-on-mobile\" style=\"grid-template-columns:auto 20%\"><div class=\"wp-block-media-text__content\">\n<p style=\"font-size:16px\"><\/p>\n\n\n\n<p style=\"font-size:16px\"><a href=\"https:\/\/www.emergence-harmonique.fr\/la-sophro-analyse-le-livre\">La Sophro analyse, le livre (emergence-harmonique.fr)<\/a><\/p>\n<\/div><figure class=\"wp-block-media-text__media\"><img loading=\"lazy\" decoding=\"async\" width=\"322\" height=\"480\" src=\"https:\/\/heloisedenicourt.com\/wp-content\/uploads\/2024\/02\/livre-SA.webp\" alt=\"\" class=\"wp-image-834 size-full\" srcset=\"https:\/\/heloisedenicourt.com\/wp-content\/uploads\/2024\/02\/livre-SA.webp 322w, https:\/\/heloisedenicourt.com\/wp-content\/uploads\/2024\/02\/livre-SA-201x300.webp 201w, https:\/\/heloisedenicourt.com\/wp-content\/uploads\/2024\/02\/livre-SA-40x60.webp 40w\" sizes=\"auto, (max-width: 322px) 100vw, 322px\" \/><\/figure><\/div>\n","protected":false},"excerpt":{"rendered":"<p>L&rsquo;origine de la sophro-analyse L&rsquo;origine de la sophro-analyse des m\u00e9moires pr\u00e9natales: Claude Imbert, docteur en m\u00e9decine a cr\u00e9e la sophro-analyse en 1999. Ce nouveau concept &hellip; <\/p>\n","protected":false},"author":1,"featured_media":0,"parent":0,"menu_order":0,"comment_status":"closed","ping_status":"closed","template":"","meta":{"_eb_attr":"","footnotes":""},"class_list":["post-548","page","type-page","status-publish","hentry"],"yoast_head":"<!-- This site is optimized with the Yoast SEO plugin v22.0 - https:\/\/yoast.com\/wordpress\/plugins\/seo\/ -->\n<title>La sophro-analyse des m\u00e9moires pr\u00e9natales de la naissance et de l&#039;enfance - H\u00e9lo\u00efse DENICOURT<\/title>\n<meta name=\"robots\" content=\"index, follow, max-snippet:-1, max-image-preview:large, max-video-preview:-1\" \/>\n<link rel=\"canonical\" href=\"https:\/\/heloisedenicourt.com\/index.php\/inspirations\/\" \/>\n<meta property=\"og:locale\" content=\"fr_FR\" \/>\n<meta property=\"og:type\" content=\"article\" \/>\n<meta property=\"og:title\" content=\"La sophro-analyse des m\u00e9moires pr\u00e9natales de la naissance et de l&#039;enfance - H\u00e9lo\u00efse DENICOURT\" \/>\n<meta property=\"og:description\" content=\"L&rsquo;origine de la sophro-analyse L&rsquo;origine de la sophro-analyse des m\u00e9moires pr\u00e9natales: Claude Imbert, docteur en m\u00e9decine a cr\u00e9e la sophro-analyse en 1999. Ce nouveau concept &hellip;\" \/>\n<meta property=\"og:url\" content=\"https:\/\/heloisedenicourt.com\/index.php\/inspirations\/\" \/>\n<meta property=\"og:site_name\" content=\"H\u00e9lo\u00efse DENICOURT\" \/>\n<meta property=\"article:modified_time\" content=\"2024-07-24T20:21:34+00:00\" \/>\n<meta property=\"og:image\" content=\"https:\/\/heloisedenicourt.com\/wp-content\/uploads\/2024\/01\/dunes.jpg\" \/>\n<meta name=\"twitter:card\" content=\"summary_large_image\" \/>\n<meta name=\"twitter:label1\" content=\"Dur\u00e9e de lecture estim\u00e9e\" \/>\n\t<meta name=\"twitter:data1\" content=\"5 minutes\" \/>\n<script type=\"application\/ld+json\" class=\"yoast-schema-graph\">{\"@context\":\"https:\/\/schema.org\",\"@graph\":[{\"@type\":\"WebPage\",\"@id\":\"https:\/\/heloisedenicourt.com\/index.php\/inspirations\/\",\"url\":\"https:\/\/heloisedenicourt.com\/index.php\/inspirations\/\",\"name\":\"La sophro-analyse des m\u00e9moires pr\u00e9natales de la naissance et de l'enfance - H\u00e9lo\u00efse DENICOURT\",\"isPartOf\":{\"@id\":\"https:\/\/heloisedenicourt.com\/#website\"},\"datePublished\":\"2023-03-09T11:55:50+00:00\",\"dateModified\":\"2024-07-24T20:21:34+00:00\",\"breadcrumb\":{\"@id\":\"https:\/\/heloisedenicourt.com\/index.php\/inspirations\/#breadcrumb\"},\"inLanguage\":\"fr-FR\",\"potentialAction\":[{\"@type\":\"ReadAction\",\"target\":[\"https:\/\/heloisedenicourt.com\/index.php\/inspirations\/\"]}]},{\"@type\":\"BreadcrumbList\",\"@id\":\"https:\/\/heloisedenicourt.com\/index.php\/inspirations\/#breadcrumb\",\"itemListElement\":[{\"@type\":\"ListItem\",\"position\":1,\"name\":\"Accueil\",\"item\":\"https:\/\/heloisedenicourt.com\/\"},{\"@type\":\"ListItem\",\"position\":2,\"name\":\"La sophro-analyse des m\u00e9moires pr\u00e9natales de la naissance et de l&rsquo;enfance\"}]},{\"@type\":\"WebSite\",\"@id\":\"https:\/\/heloisedenicourt.com\/#website\",\"url\":\"https:\/\/heloisedenicourt.com\/\",\"name\":\"H\u00e9lo\u00efse DENICOURT\",\"description\":\"psychologue et psychoth\u00e9rapeute \",\"publisher\":{\"@id\":\"https:\/\/heloisedenicourt.com\/#organization\"},\"potentialAction\":[{\"@type\":\"SearchAction\",\"target\":{\"@type\":\"EntryPoint\",\"urlTemplate\":\"https:\/\/heloisedenicourt.com\/?s={search_term_string}\"},\"query-input\":\"required name=search_term_string\"}],\"inLanguage\":\"fr-FR\"},{\"@type\":\"Organization\",\"@id\":\"https:\/\/heloisedenicourt.com\/#organization\",\"name\":\"H\u00e9lo\u00efse DENICOURT\",\"url\":\"https:\/\/heloisedenicourt.com\/\",\"logo\":{\"@type\":\"ImageObject\",\"inLanguage\":\"fr-FR\",\"@id\":\"https:\/\/heloisedenicourt.com\/#\/schema\/logo\/image\/\",\"url\":\"https:\/\/heloisedenicourt.com\/wp-content\/uploads\/2024\/02\/Capture-deecran-2024-02-01-aE-14.40.51-1.png\",\"contentUrl\":\"https:\/\/heloisedenicourt.com\/wp-content\/uploads\/2024\/02\/Capture-deecran-2024-02-01-aE-14.40.51-1.png\",\"width\":420,\"height\":420,\"caption\":\"H\u00e9lo\u00efse DENICOURT\"},\"image\":{\"@id\":\"https:\/\/heloisedenicourt.com\/#\/schema\/logo\/image\/\"}}]}<\/script>\n<!-- \/ Yoast SEO plugin. -->","yoast_head_json":{"title":"La sophro-analyse des m\u00e9moires pr\u00e9natales de la naissance et de l'enfance - H\u00e9lo\u00efse DENICOURT","robots":{"index":"index","follow":"follow","max-snippet":"max-snippet:-1","max-image-preview":"max-image-preview:large","max-video-preview":"max-video-preview:-1"},"canonical":"https:\/\/heloisedenicourt.com\/index.php\/inspirations\/","og_locale":"fr_FR","og_type":"article","og_title":"La sophro-analyse des m\u00e9moires pr\u00e9natales de la naissance et de l'enfance - H\u00e9lo\u00efse DENICOURT","og_description":"L&rsquo;origine de la sophro-analyse L&rsquo;origine de la sophro-analyse des m\u00e9moires pr\u00e9natales: Claude Imbert, docteur en m\u00e9decine a cr\u00e9e la sophro-analyse en 1999. Ce nouveau concept &hellip;","og_url":"https:\/\/heloisedenicourt.com\/index.php\/inspirations\/","og_site_name":"H\u00e9lo\u00efse DENICOURT","article_modified_time":"2024-07-24T20:21:34+00:00","og_image":[{"url":"https:\/\/heloisedenicourt.com\/wp-content\/uploads\/2024\/01\/dunes.jpg"}],"twitter_card":"summary_large_image","twitter_misc":{"Dur\u00e9e de lecture estim\u00e9e":"5 minutes"},"schema":{"@context":"https:\/\/schema.org","@graph":[{"@type":"WebPage","@id":"https:\/\/heloisedenicourt.com\/index.php\/inspirations\/","url":"https:\/\/heloisedenicourt.com\/index.php\/inspirations\/","name":"La sophro-analyse des m\u00e9moires pr\u00e9natales de la naissance et de l'enfance - H\u00e9lo\u00efse DENICOURT","isPartOf":{"@id":"https:\/\/heloisedenicourt.com\/#website"},"datePublished":"2023-03-09T11:55:50+00:00","dateModified":"2024-07-24T20:21:34+00:00","breadcrumb":{"@id":"https:\/\/heloisedenicourt.com\/index.php\/inspirations\/#breadcrumb"},"inLanguage":"fr-FR","potentialAction":[{"@type":"ReadAction","target":["https:\/\/heloisedenicourt.com\/index.php\/inspirations\/"]}]},{"@type":"BreadcrumbList","@id":"https:\/\/heloisedenicourt.com\/index.php\/inspirations\/#breadcrumb","itemListElement":[{"@type":"ListItem","position":1,"name":"Accueil","item":"https:\/\/heloisedenicourt.com\/"},{"@type":"ListItem","position":2,"name":"La sophro-analyse des m\u00e9moires pr\u00e9natales de la naissance et de l&rsquo;enfance"}]},{"@type":"WebSite","@id":"https:\/\/heloisedenicourt.com\/#website","url":"https:\/\/heloisedenicourt.com\/","name":"H\u00e9lo\u00efse DENICOURT","description":"psychologue et psychoth\u00e9rapeute ","publisher":{"@id":"https:\/\/heloisedenicourt.com\/#organization"},"potentialAction":[{"@type":"SearchAction","target":{"@type":"EntryPoint","urlTemplate":"https:\/\/heloisedenicourt.com\/?s={search_term_string}"},"query-input":"required name=search_term_string"}],"inLanguage":"fr-FR"},{"@type":"Organization","@id":"https:\/\/heloisedenicourt.com\/#organization","name":"H\u00e9lo\u00efse DENICOURT","url":"https:\/\/heloisedenicourt.com\/","logo":{"@type":"ImageObject","inLanguage":"fr-FR","@id":"https:\/\/heloisedenicourt.com\/#\/schema\/logo\/image\/","url":"https:\/\/heloisedenicourt.com\/wp-content\/uploads\/2024\/02\/Capture-deecran-2024-02-01-aE-14.40.51-1.png","contentUrl":"https:\/\/heloisedenicourt.com\/wp-content\/uploads\/2024\/02\/Capture-deecran-2024-02-01-aE-14.40.51-1.png","width":420,"height":420,"caption":"H\u00e9lo\u00efse DENICOURT"},"image":{"@id":"https:\/\/heloisedenicourt.com\/#\/schema\/logo\/image\/"}}]}},"_links":{"self":[{"href":"https:\/\/heloisedenicourt.com\/index.php\/wp-json\/wp\/v2\/pages\/548","targetHints":{"allow":["GET"]}}],"collection":[{"href":"https:\/\/heloisedenicourt.com\/index.php\/wp-json\/wp\/v2\/pages"}],"about":[{"href":"https:\/\/heloisedenicourt.com\/index.php\/wp-json\/wp\/v2\/types\/page"}],"author":[{"embeddable":true,"href":"https:\/\/heloisedenicourt.com\/index.php\/wp-json\/wp\/v2\/users\/1"}],"replies":[{"embeddable":true,"href":"https:\/\/heloisedenicourt.com\/index.php\/wp-json\/wp\/v2\/comments?post=548"}],"version-history":[{"count":19,"href":"https:\/\/heloisedenicourt.com\/index.php\/wp-json\/wp\/v2\/pages\/548\/revisions"}],"predecessor-version":[{"id":906,"href":"https:\/\/heloisedenicourt.com\/index.php\/wp-json\/wp\/v2\/pages\/548\/revisions\/906"}],"wp:attachment":[{"href":"https:\/\/heloisedenicourt.com\/index.php\/wp-json\/wp\/v2\/media?parent=548"}],"curies":[{"name":"wp","href":"https:\/\/api.w.org\/{rel}","templated":true}]}}