{"id":732,"date":"2024-02-03T16:40:04","date_gmt":"2024-02-03T15:40:04","guid":{"rendered":"https:\/\/heloisedenicourt.com\/?page_id=732"},"modified":"2024-07-24T22:24:22","modified_gmt":"2024-07-24T20:24:22","slug":"croyances","status":"publish","type":"page","link":"https:\/\/heloisedenicourt.com\/index.php\/croyances\/","title":{"rendered":"Les croyances"},"content":{"rendered":"<div class=\"wp-block-image\">\n<figure class=\"aligncenter size-full is-resized\"><img loading=\"lazy\" decoding=\"async\" width=\"612\" height=\"379\" src=\"https:\/\/heloisedenicourt.com\/wp-content\/uploads\/2024\/02\/beau-paysage.jpg\" alt=\"\" class=\"wp-image-793\" style=\"width:596px;height:auto\" srcset=\"https:\/\/heloisedenicourt.com\/wp-content\/uploads\/2024\/02\/beau-paysage.jpg 612w, https:\/\/heloisedenicourt.com\/wp-content\/uploads\/2024\/02\/beau-paysage-300x186.jpg 300w, https:\/\/heloisedenicourt.com\/wp-content\/uploads\/2024\/02\/beau-paysage-97x60.jpg 97w\" sizes=\"auto, (max-width: 612px) 100vw, 612px\" \/><\/figure>\n<\/div>\n\n\n<h2 class=\"wp-block-heading\">Qu&rsquo;est ce qu&rsquo;une croyance?<\/h2>\n\n\n\n<p>Les croyances sont les interpr\u00e9tations personnelles de v\u00e9cus, d&rsquo;\u00e9v\u00e8nements pass\u00e9s, fa\u00e7onn\u00e9es par notre tentative de leur donner un sens. Elles sont notre version des faits, la repr\u00e9sentation de ce que nous pensons \u00eatre la v\u00e9rit\u00e9 quant \u00e0 ces \u00e9v\u00e9nements.<br><strong><br>Imprim\u00e9es en nous, surtout lorsqu&rsquo;elles sont accompagn\u00e9es d&rsquo;une forte charge \u00e9motionnelle, ces croyances vont colorer nos exp\u00e9riences futures et influencer nos r\u00e9sultats \u00e0 venir<\/strong>. Les m\u00eames pens\u00e9es conduisent in\u00e9vitablement aux m\u00eames r\u00e9sultats, soulignant ainsi le pouvoir profonde de nos croyances sur la r\u00e9alit\u00e9 que nous cr\u00e9ons.<\/p>\n\n\n\n<h2 class=\"wp-block-heading\">Naissance des croyances<\/h2>\n\n\n\n<p>Les croyances limitantes se forment souvent \u00e0 partir d&rsquo;une combinaison complexe d&rsquo;exp\u00e9riences et d&rsquo;impressions tout au long de la vie. Les empreintes de la vie intra-ut\u00e9rine, de la naissance et de l&rsquo;enfance peuvent jouer un r\u00f4le significatif dans la cr\u00e9ation de ces croyances. Voici quelques m\u00e9canismes possibles expliquant comment elles naissent :<\/p>\n\n\n\n<ol class=\"wp-block-list\">\n<li><strong>Empreintes de la vie intra-ut\u00e9rine :<\/strong> Les conditions de la conception, le d\u00e9sir ou non-d\u00e9sir de grossesse, les pr\u00e9f\u00e9rences de sexe, et d&rsquo;autres aspects de la vie intra-ut\u00e9rine peuvent influencer la perception de soi d\u00e8s le d\u00e9but de la vie.<\/li>\n\n\n\n<li><strong>Empreintes de la naissance :<\/strong> Les circonstances entourant la naissance, comme les complications, la pr\u00e9maturit\u00e9, les interventions m\u00e9dicales, peuvent cr\u00e9er des perceptions de vuln\u00e9rabilit\u00e9, de difficult\u00e9 ou m\u00eame de rejet.<\/li>\n\n\n\n<li><strong>Empreintes de l&rsquo;enfance :<\/strong> Les exp\u00e9riences traumatiques, telles que la maltraitance, les abus, le deuil, la jalousie, peuvent g\u00e9n\u00e9rer des sentiments de douleur, de peur, d&rsquo;humiliation, qui peuvent influencer profond\u00e9ment la construction des croyances sur soi-m\u00eame et sur le monde.<\/li>\n\n\n\n<li><strong>Injonctions familiales et loyaut\u00e9s filiales :<\/strong> Les attentes familiales, les pressions sociales et les loyaut\u00e9s envers la famille peuvent conduire \u00e0 l&rsquo;adoption de croyances qui ne correspondent pas n\u00e9cessairement \u00e0 la r\u00e9alit\u00e9 individuelle.<\/li>\n<\/ol>\n\n\n\n<p>Les sentiments de rejet, d&rsquo;abandon, d&rsquo;injustice, d&rsquo;humiliation, de trahison, ainsi que les peurs, peuvent contribuer \u00e0 la formation de croyances limitantes telles que le manque de valeur personnelle, l&rsquo;inacceptabilit\u00e9, ou l&rsquo;incapacit\u00e9 \u00e0 occuper une place l\u00e9gitime dans le monde.<\/p>\n\n\n\n<p>Ces croyances limitantes, souvent inconscientes, peuvent entra\u00eener des sch\u00e9mas de pens\u00e9e n\u00e9gatifs, des comportements d&rsquo;auto-sabotage, des difficult\u00e9s relationnelles et d&rsquo;autres cons\u00e9quences qui affectent la qualit\u00e9 de vie d&rsquo;une personne \u00e0 l&rsquo;\u00e2ge adulte. La prise de conscience de ces croyances et la lib\u00e9ration des \u00e9motions qui sont associ\u00e9es peuvent \u00eatre des \u00e9tapes essentielles pour lib\u00e9rer le potentiel individuel et favoriser un bien-\u00eatre durable.<\/p>\n\n\n\n<p><\/p>\n\n\n\n<h2 class=\"wp-block-heading\">Les strat\u00e9gies<\/h2>\n\n\n\n<p>Les croyances limitantes peuvent influencer la mise en place de diverses <strong>strat\u00e9gies de survie et de strat\u00e9gies de punition<\/strong>. Ces strat\u00e9gies visent souvent \u00e0 faire face aux \u00e9motions difficiles associ\u00e9es aux croyances limitantes. Voici comment cela peut se manifester :<\/p>\n\n\n\n<ol class=\"wp-block-list\">\n<li><strong>Strat\u00e9gies de survie :<\/strong>\n<ul class=\"wp-block-list\">\n<li><em>Perfectionnisme :<\/em> La croyance \u00ab\u00a0je dois \u00eatre parfait\u00a0\u00bb peut conduire \u00e0 des strat\u00e9gies visant \u00e0 atteindre des normes irr\u00e9alistes pour \u00e9viter le rejet ou la d\u00e9valorisation.<\/li>\n\n\n\n<li><em>Fortitude :<\/em> La croyance \u00ab\u00a0je dois \u00eatre fort\u00a0\u00bb peut amener \u00e0 masquer les vuln\u00e9rabilit\u00e9s, rendant difficile l&rsquo;expression des besoins \u00e9motionnels.<\/li>\n\n\n\n<li><em>Conformisme et contr\u00f4le :<\/em> La croyance \u00ab\u00a0je dois me conformer\u00a0\u00bb ou \u00ab\u00a0je dois tout contr\u00f4ler\u00a0\u00bb peut g\u00e9n\u00e9rer des comportements visant \u00e0 \u00e9viter l&rsquo;impr\u00e9vu et \u00e0 maintenir un sentiment de s\u00e9curit\u00e9.<\/li>\n<\/ul>\n<\/li>\n\n\n\n<li><strong>Strat\u00e9gies de punition :<\/strong>\n<ul class=\"wp-block-list\">\n<li><em>Auto-d\u00e9pr\u00e9ciation :<\/em> La croyance \u00ab\u00a0je ne m\u00e9rite pas de vivre\u00a0\u00bb peut conduire \u00e0 des comportements autodestructeurs ou \u00e0 l&rsquo;auto-sabotage.<\/li>\n\n\n\n<li><em>Refus de prendre sa place :<\/em> La croyance \u00ab\u00a0je n\u2019ai pas le droit de prendre ma place\u00a0\u00bb peut entra\u00eener une tendance \u00e0 rester en retrait et \u00e0 ne pas s&rsquo;affirmer.<\/li>\n<\/ul>\n<\/li>\n\n\n\n<li><strong>Strat\u00e9gies pour \u00e9viter de souffrir :<\/strong>\n<ul class=\"wp-block-list\">\n<li><em>Protection et \u00e9vitement :<\/em> La croyance \u00ab\u00a0je dois \u00e9viter de souffrir\u00a0\u00bb peut entra\u00eener des comportements d&rsquo;\u00e9vitement des situations potentiellement difficiles, limitant ainsi les opportunit\u00e9s de croissance personnelle.<\/li>\n<\/ul>\n<\/li>\n\n\n\n<li><strong>Comportements limitants :<\/strong>\n<ul class=\"wp-block-list\">\n<li><em>Col\u00e8re fr\u00e9quente :<\/em> Une strat\u00e9gie de survie bas\u00e9e sur le contr\u00f4le peut se manifester par des r\u00e9actions col\u00e9riques envers soi-m\u00eame ou les autres.<\/li>\n\n\n\n<li><em>Travail excessif :<\/em> Le perfectionnisme peut conduire \u00e0 des comportements de sur-travail, avec des attentes d\u00e9mesur\u00e9es envers soi-m\u00eame.<\/li>\n\n\n\n<li><em>Cycle d&rsquo;\u00e9checs :<\/em> Les croyances limitantes peuvent cr\u00e9er des sch\u00e9mas de pens\u00e9e qui favorisent l&rsquo;auto-sabotage, conduisant \u00e0 des exp\u00e9riences r\u00e9p\u00e9t\u00e9es d&rsquo;\u00e9chec.<\/li>\n<\/ul>\n<\/li>\n<\/ol>\n\n\n\n<p>La prise de conscience de ces strat\u00e9gies et de leurs origines dans les croyances limitantes est un premier pas crucial vers la transformation personnelle. <\/p>\n\n\n\n<p>Malgr\u00e9 la d\u00e9valorisation, le manque d\u2019amour de soi et la culpabilit\u00e9 qui d\u00e9coulent de nos croyances, nous restons convaincus de la v\u00e9racit\u00e9 de nos interpr\u00e9tations, et <strong>nous passons notre temps \u00e0 nous re-confirmer les croyances <\/strong>dont nous avons oubli\u00e9 l\u2019origine. Elles vont ainsi se r\u00e9p\u00e9ter, se reconfirmer et se renforcer en permanence tout au long de la vie avec une intensit\u00e9 croissante, d&rsquo;autant qu&rsquo;elles peuvent apporter des b\u00e9n\u00e9fices secondaires, comme la non prise de responsabilit\u00e9.. <\/p>\n\n\n\n<p><\/p>\n\n\n\n<h2 class=\"wp-block-heading\">Le processus th\u00e9rapeutique<\/h2>\n\n\n\n<p><strong>Le processus th\u00e9rapeutique <\/strong>vise donc \u00e0 explorer et transformer les croyances limitantes en remontant \u00e0 leurs sources. Voici comment ce travail th\u00e9rapeutique se d\u00e9roule :<\/p>\n\n\n\n<ol class=\"wp-block-list\">\n<li><strong>Acc\u00e9der aux m\u00e9moires anciennes<\/strong> et explorer les exp\u00e9riences pass\u00e9es \u00e0 l&rsquo;origine des croyances limitantes, dans un environnement s\u00fbr et s\u00e9curis\u00e9, afin de favoriser la lib\u00e9ration \u00e9motionnelle.<\/li>\n\n\n\n<li><strong>Lib\u00e9ration des \u00e9motions<\/strong> li\u00e9es \u00e0 ces empreintes et associ\u00e9es aux croyances limitantes.<\/li>\n\n\n\n<li><strong>Transformation par la compr\u00e9hension :<\/strong> Comprendre ces exp\u00e9riences pass\u00e9es \u00e0 la lumi\u00e8re de la perspective adulte permet au client de reconna\u00eetre que les croyances form\u00e9es dans des circonstances sp\u00e9cifiques ne d\u00e9finissent pas sa valeur actuelle ni sa r\u00e9alit\u00e9.<\/li>\n\n\n\n<li><strong>Nouvelles interpr\u00e9tations et compr\u00e9hensions :<\/strong> Nouvelles interpr\u00e9tations des \u00e9v\u00e9nements pass\u00e9s, souvent en mettant l&rsquo;accent sur la r\u00e9silience, la croissance personnelle, et la possibilit\u00e9 de changer les sch\u00e9mas de pens\u00e9e.<\/li>\n\n\n\n<li><strong>Nouveau r\u00e9cit et v\u00e9cu :<\/strong> En int\u00e9grant ces nouvelles interpr\u00e9tations, le patient peut construire un nouveau r\u00e9cit de sa vie, bas\u00e9 sur une compr\u00e9hension plus positive et adaptative. Cela se traduit souvent par des changements dans la fa\u00e7on dont il per\u00e7oit lui-m\u00eame, les autres, et le monde qui l&rsquo;entoure.<\/li>\n<\/ol>\n","protected":false},"excerpt":{"rendered":"<p>Qu&rsquo;est ce qu&rsquo;une croyance? Les croyances sont les interpr\u00e9tations personnelles de v\u00e9cus, d&rsquo;\u00e9v\u00e8nements pass\u00e9s, fa\u00e7onn\u00e9es par notre tentative de leur donner un sens. Elles sont &hellip; <\/p>\n","protected":false},"author":1,"featured_media":0,"parent":0,"menu_order":0,"comment_status":"closed","ping_status":"closed","template":"","meta":{"_eb_attr":"","footnotes":""},"class_list":["post-732","page","type-page","status-publish","hentry"],"yoast_head":"<!-- This site is optimized with the Yoast SEO plugin v22.0 - https:\/\/yoast.com\/wordpress\/plugins\/seo\/ -->\n<title>Les croyances - H\u00e9lo\u00efse DENICOURT<\/title>\n<meta name=\"robots\" content=\"index, follow, max-snippet:-1, max-image-preview:large, max-video-preview:-1\" \/>\n<link rel=\"canonical\" href=\"https:\/\/heloisedenicourt.com\/index.php\/croyances\/\" \/>\n<meta property=\"og:locale\" content=\"fr_FR\" \/>\n<meta property=\"og:type\" content=\"article\" \/>\n<meta property=\"og:title\" content=\"Les croyances - H\u00e9lo\u00efse DENICOURT\" \/>\n<meta property=\"og:description\" content=\"Qu&rsquo;est ce qu&rsquo;une croyance? Les croyances sont les interpr\u00e9tations personnelles de v\u00e9cus, d&rsquo;\u00e9v\u00e8nements pass\u00e9s, fa\u00e7onn\u00e9es par notre tentative de leur donner un sens. Elles sont &hellip;\" \/>\n<meta property=\"og:url\" content=\"https:\/\/heloisedenicourt.com\/index.php\/croyances\/\" \/>\n<meta property=\"og:site_name\" content=\"H\u00e9lo\u00efse DENICOURT\" \/>\n<meta property=\"article:modified_time\" content=\"2024-07-24T20:24:22+00:00\" \/>\n<meta property=\"og:image\" content=\"https:\/\/heloisedenicourt.com\/wp-content\/uploads\/2024\/02\/beau-paysage.jpg\" \/>\n<meta name=\"twitter:card\" content=\"summary_large_image\" \/>\n<meta name=\"twitter:label1\" content=\"Dur\u00e9e de lecture estim\u00e9e\" \/>\n\t<meta name=\"twitter:data1\" content=\"5 minutes\" \/>\n<script type=\"application\/ld+json\" class=\"yoast-schema-graph\">{\"@context\":\"https:\/\/schema.org\",\"@graph\":[{\"@type\":\"WebPage\",\"@id\":\"https:\/\/heloisedenicourt.com\/index.php\/croyances\/\",\"url\":\"https:\/\/heloisedenicourt.com\/index.php\/croyances\/\",\"name\":\"Les croyances - H\u00e9lo\u00efse DENICOURT\",\"isPartOf\":{\"@id\":\"https:\/\/heloisedenicourt.com\/#website\"},\"datePublished\":\"2024-02-03T15:40:04+00:00\",\"dateModified\":\"2024-07-24T20:24:22+00:00\",\"breadcrumb\":{\"@id\":\"https:\/\/heloisedenicourt.com\/index.php\/croyances\/#breadcrumb\"},\"inLanguage\":\"fr-FR\",\"potentialAction\":[{\"@type\":\"ReadAction\",\"target\":[\"https:\/\/heloisedenicourt.com\/index.php\/croyances\/\"]}]},{\"@type\":\"BreadcrumbList\",\"@id\":\"https:\/\/heloisedenicourt.com\/index.php\/croyances\/#breadcrumb\",\"itemListElement\":[{\"@type\":\"ListItem\",\"position\":1,\"name\":\"Accueil\",\"item\":\"https:\/\/heloisedenicourt.com\/\"},{\"@type\":\"ListItem\",\"position\":2,\"name\":\"Les croyances\"}]},{\"@type\":\"WebSite\",\"@id\":\"https:\/\/heloisedenicourt.com\/#website\",\"url\":\"https:\/\/heloisedenicourt.com\/\",\"name\":\"H\u00e9lo\u00efse DENICOURT\",\"description\":\"psychologue et psychoth\u00e9rapeute \",\"publisher\":{\"@id\":\"https:\/\/heloisedenicourt.com\/#organization\"},\"potentialAction\":[{\"@type\":\"SearchAction\",\"target\":{\"@type\":\"EntryPoint\",\"urlTemplate\":\"https:\/\/heloisedenicourt.com\/?s={search_term_string}\"},\"query-input\":\"required name=search_term_string\"}],\"inLanguage\":\"fr-FR\"},{\"@type\":\"Organization\",\"@id\":\"https:\/\/heloisedenicourt.com\/#organization\",\"name\":\"H\u00e9lo\u00efse DENICOURT\",\"url\":\"https:\/\/heloisedenicourt.com\/\",\"logo\":{\"@type\":\"ImageObject\",\"inLanguage\":\"fr-FR\",\"@id\":\"https:\/\/heloisedenicourt.com\/#\/schema\/logo\/image\/\",\"url\":\"https:\/\/heloisedenicourt.com\/wp-content\/uploads\/2024\/02\/Capture-deecran-2024-02-01-aE-14.40.51-1.png\",\"contentUrl\":\"https:\/\/heloisedenicourt.com\/wp-content\/uploads\/2024\/02\/Capture-deecran-2024-02-01-aE-14.40.51-1.png\",\"width\":420,\"height\":420,\"caption\":\"H\u00e9lo\u00efse DENICOURT\"},\"image\":{\"@id\":\"https:\/\/heloisedenicourt.com\/#\/schema\/logo\/image\/\"}}]}<\/script>\n<!-- \/ Yoast SEO plugin. -->","yoast_head_json":{"title":"Les croyances - H\u00e9lo\u00efse DENICOURT","robots":{"index":"index","follow":"follow","max-snippet":"max-snippet:-1","max-image-preview":"max-image-preview:large","max-video-preview":"max-video-preview:-1"},"canonical":"https:\/\/heloisedenicourt.com\/index.php\/croyances\/","og_locale":"fr_FR","og_type":"article","og_title":"Les croyances - H\u00e9lo\u00efse DENICOURT","og_description":"Qu&rsquo;est ce qu&rsquo;une croyance? Les croyances sont les interpr\u00e9tations personnelles de v\u00e9cus, d&rsquo;\u00e9v\u00e8nements pass\u00e9s, fa\u00e7onn\u00e9es par notre tentative de leur donner un sens. Elles sont &hellip;","og_url":"https:\/\/heloisedenicourt.com\/index.php\/croyances\/","og_site_name":"H\u00e9lo\u00efse DENICOURT","article_modified_time":"2024-07-24T20:24:22+00:00","og_image":[{"url":"https:\/\/heloisedenicourt.com\/wp-content\/uploads\/2024\/02\/beau-paysage.jpg"}],"twitter_card":"summary_large_image","twitter_misc":{"Dur\u00e9e de lecture estim\u00e9e":"5 minutes"},"schema":{"@context":"https:\/\/schema.org","@graph":[{"@type":"WebPage","@id":"https:\/\/heloisedenicourt.com\/index.php\/croyances\/","url":"https:\/\/heloisedenicourt.com\/index.php\/croyances\/","name":"Les croyances - H\u00e9lo\u00efse DENICOURT","isPartOf":{"@id":"https:\/\/heloisedenicourt.com\/#website"},"datePublished":"2024-02-03T15:40:04+00:00","dateModified":"2024-07-24T20:24:22+00:00","breadcrumb":{"@id":"https:\/\/heloisedenicourt.com\/index.php\/croyances\/#breadcrumb"},"inLanguage":"fr-FR","potentialAction":[{"@type":"ReadAction","target":["https:\/\/heloisedenicourt.com\/index.php\/croyances\/"]}]},{"@type":"BreadcrumbList","@id":"https:\/\/heloisedenicourt.com\/index.php\/croyances\/#breadcrumb","itemListElement":[{"@type":"ListItem","position":1,"name":"Accueil","item":"https:\/\/heloisedenicourt.com\/"},{"@type":"ListItem","position":2,"name":"Les croyances"}]},{"@type":"WebSite","@id":"https:\/\/heloisedenicourt.com\/#website","url":"https:\/\/heloisedenicourt.com\/","name":"H\u00e9lo\u00efse DENICOURT","description":"psychologue et psychoth\u00e9rapeute ","publisher":{"@id":"https:\/\/heloisedenicourt.com\/#organization"},"potentialAction":[{"@type":"SearchAction","target":{"@type":"EntryPoint","urlTemplate":"https:\/\/heloisedenicourt.com\/?s={search_term_string}"},"query-input":"required name=search_term_string"}],"inLanguage":"fr-FR"},{"@type":"Organization","@id":"https:\/\/heloisedenicourt.com\/#organization","name":"H\u00e9lo\u00efse DENICOURT","url":"https:\/\/heloisedenicourt.com\/","logo":{"@type":"ImageObject","inLanguage":"fr-FR","@id":"https:\/\/heloisedenicourt.com\/#\/schema\/logo\/image\/","url":"https:\/\/heloisedenicourt.com\/wp-content\/uploads\/2024\/02\/Capture-deecran-2024-02-01-aE-14.40.51-1.png","contentUrl":"https:\/\/heloisedenicourt.com\/wp-content\/uploads\/2024\/02\/Capture-deecran-2024-02-01-aE-14.40.51-1.png","width":420,"height":420,"caption":"H\u00e9lo\u00efse DENICOURT"},"image":{"@id":"https:\/\/heloisedenicourt.com\/#\/schema\/logo\/image\/"}}]}},"_links":{"self":[{"href":"https:\/\/heloisedenicourt.com\/index.php\/wp-json\/wp\/v2\/pages\/732","targetHints":{"allow":["GET"]}}],"collection":[{"href":"https:\/\/heloisedenicourt.com\/index.php\/wp-json\/wp\/v2\/pages"}],"about":[{"href":"https:\/\/heloisedenicourt.com\/index.php\/wp-json\/wp\/v2\/types\/page"}],"author":[{"embeddable":true,"href":"https:\/\/heloisedenicourt.com\/index.php\/wp-json\/wp\/v2\/users\/1"}],"replies":[{"embeddable":true,"href":"https:\/\/heloisedenicourt.com\/index.php\/wp-json\/wp\/v2\/comments?post=732"}],"version-history":[{"count":10,"href":"https:\/\/heloisedenicourt.com\/index.php\/wp-json\/wp\/v2\/pages\/732\/revisions"}],"predecessor-version":[{"id":908,"href":"https:\/\/heloisedenicourt.com\/index.php\/wp-json\/wp\/v2\/pages\/732\/revisions\/908"}],"wp:attachment":[{"href":"https:\/\/heloisedenicourt.com\/index.php\/wp-json\/wp\/v2\/media?parent=732"}],"curies":[{"name":"wp","href":"https:\/\/api.w.org\/{rel}","templated":true}]}}